{"id":1701,"date":"2018-09-24T16:26:13","date_gmt":"2018-09-24T16:26:13","guid":{"rendered":"http:\/\/dcasavivawines.admsys.net\/?page_id=1701"},"modified":"2018-09-24T16:26:13","modified_gmt":"2018-09-24T16:26:13","slug":"sauvignon-blanc","status":"publish","type":"page","link":"https:\/\/casavivawines.cl\/es\/sauvignon-blanc\/","title":{"rendered":"Sauvignon Blanc"},"content":{"rendered":"<div class=\"wpb-content-wrapper\"><p>[vc_row][vc_column width=\u00bb1\/4&#8243;][vc_single_image image=\u00bb1708&#8243; img_size=\u00bbfull\u00bb alignment=\u00bbcenter\u00bb][\/vc_column][vc_column width=\u00bb3\/4&#8243;][vc_tta_accordion style=\u00bbflat\u00bb shape=\u00bbsquare\u00bb color=\u00bbwhite\u00bb c_icon=\u00bbchevron\u00bb active_section=\u00bb3&#8243; no_fill=\u00bbtrue\u00bb][vc_tta_section title=\u00bb2010&#8243; tab_id=\u00bb1537548654804-d5bfb4ff-9e65d383-73c107fe-eecb\u00bb][vc_column_text]Toda la fruta se obtiene del propio vi\u00f1edo ubicado en lo m\u00e1s fresco del Valle de Casablanca. Una mezcla de 3 diferentes clones de Sauvignon Blanc (clon 107, clon 1, y clon 242). El rendimiento de esta cosecha fue de 8 toneladas por hect\u00e1ea.[\/vc_column_text]\n\t<div class=\"gg_list list_style_caret   \">\n<ul>\n<li><strong>Cosecha:\u00a0<\/strong>2010<\/li>\n<li><strong>Valle:\u00a0<\/strong>Valle de Casablanca, Chile<\/li>\n<li><strong>Composici\u00f3n Varietal::\u00a0<\/strong>100% Sauvignon Blanc<\/li>\n<li><strong>Fecha de Cosecha:\u00a0<\/strong>18 de marzo al 15 de abril, 2010<\/li>\n<li><strong>Alcohol:\u00a0<\/strong>12,5%<\/li>\n<\/ul>\n<\/div>[vc_message message_box_color=\u00bbwarning\u00bb icon_type=\u00bbtypicons\u00bb icon_typicons=\u00bbtypcn typcn-wine\u00bb]<em><strong>Notas de Cata<br \/>\n<\/strong>Intensa notas a lim\u00f3n, pomelo y esp\u00e1rrago predominan en nariz, conduciendo a sabores de salmon ahumado, sal de roca. Una brillante acidez otorga una excelente estructura y largo final.<\/em>[\/vc_message][vc_row_inner][vc_column_inner width=\u00bb1\/2&#8243;][vc_column_text]<strong>Maridaje:<\/strong><br \/>\nCeviche de corvina, pescados,otros moluscos y crust\u00e1ceos.[\/vc_column_text][\/vc_column_inner][vc_column_inner width=\u00bb1\/2&#8243;][vc_column_text css=\u00bb.vc_custom_1537554536823{margin-bottom: 10px !important;padding-top: 0px !important;}\u00bb]<strong>Descargar Informaci\u00f3n:<\/strong>[\/vc_column_text][vc_icon icon_fontawesome=\u00bbfa fa-file-pdf-o\u00bb color=\u00bbturquoise\u00bb background_style=\u00bbrounded-outline\u00bb background_color=\u00bbturquoise\u00bb size=\u00bbsm\u00bb css=\u00bb.vc_custom_1537806091020{padding-top: 0px !important;padding-bottom: 0px !important;}\u00bb link=\u00bburl:%2Fwp-content%2Fuploads%2F2018%2F09%2Fcasaviva_sauvignon_blanc_2010.pdf||target:%20_blank|\u00bb][\/vc_column_inner][\/vc_row_inner][\/vc_tta_section][vc_tta_section title=\u00bb2011&#8243; tab_id=\u00bb1537805982925-7143b211-8206&#8243;][vc_column_text]Toda la fruta se obtiene del propio vi\u00f1edo ubicado en lo m\u00e1s fresco del Valle de Casablanca. Una mezcla de 3 diferentes clones de Sauvignon Blanc (45% clon 107, 32% clon 1, 23% clon 242) procedente de vides de cuatro a\u00f1os de edad, plantadas en arcilla gris que forma forma parte de los tramos m\u00e1s planos del vi\u00f1edo. El rendimiento de esta cosecha fue de 8 toneladas por hect\u00e1ea.[\/vc_column_text]\n\t<div class=\"gg_list list_style_caret   \">\n<ul>\n<li><strong>Cosecha:\u00a0<\/strong>2011<\/li>\n<li><strong>Valle:\u00a0<\/strong>Valle de Casablanca, Chile<\/li>\n<li><strong>Composici\u00f3n Varietal:\u00a0<\/strong>100% Sauvignon Blanc<\/li>\n<li><strong>Fecha de Cosecha:\u00a0<\/strong>28 de marzo al 24 de abril, 2011<\/li>\n<li><strong>Alcohol:\u00a0<\/strong>13,7%<\/li>\n<\/ul>\n<\/div>[vc_message message_box_color=\u00bbwarning\u00bb icon_type=\u00bbtypicons\u00bb icon_typicons=\u00bbtypcn typcn-wine\u00bb]<em><strong>Notas de Cata<br \/>\n<\/strong>Intensas notas a lim\u00f3n y pomelo dominan en nariz conduciendo a sabores puros de nectar\u00edn y durazco blanco. Una brillante y sabrosa acidez otorga una excelente estructura y largo final.<\/em>[\/vc_message][vc_row_inner][vc_column_inner width=\u00bb1\/2&#8243;][vc_column_text]<strong>Maridaje:<\/strong><br \/>\nCeviche de corvina, pescados,otros moluscos y crust\u00e1ceos.[\/vc_column_text][\/vc_column_inner][vc_column_inner width=\u00bb1\/2&#8243;][vc_column_text css=\u00bb.vc_custom_1537554536823{margin-bottom: 10px !important;padding-top: 0px !important;}\u00bb]<strong>Descargar Informaci\u00f3n:<\/strong>[\/vc_column_text][vc_icon icon_fontawesome=\u00bbfa fa-file-pdf-o\u00bb color=\u00bbturquoise\u00bb background_style=\u00bbrounded-outline\u00bb background_color=\u00bbturquoise\u00bb size=\u00bbsm\u00bb css=\u00bb.vc_custom_1537806201810{padding-top: 0px !important;padding-bottom: 0px !important;}\u00bb link=\u00bburl:%2Fwp-content%2Fuploads%2F2018%2F09%2Fcasaviva_sauvignon_blanc_2011.pdf||target:%20_blank|\u00bb][\/vc_column_inner][\/vc_row_inner][\/vc_tta_section][vc_tta_section title=\u00bb2012&#8243; tab_id=\u00bb1537801590666-5d6fc121-559a07fe-eecb\u00bb][vc_column_text]Toda la fruta se obtiene del propio vi\u00f1edo ubicado en lo m\u00e1s fresco del Valle de Casablanca. Una mezcla de 3 diferentes clones de Sauvignon Blanc; clon 107, clon 1, clon 242 plantadas en arcilla gris de los tramos m\u00e1s planos del vi\u00f1edo.[\/vc_column_text]\n\t<div class=\"gg_list list_style_caret   \">\n<ul>\n<li><strong>Cosecha:\u00a0<\/strong>2012<\/li>\n<li><strong>Valle:\u00a0<\/strong>Valle de Casablanca, Chile<\/li>\n<li><strong>Composici\u00f3n Varietal:\u00a0<\/strong>100% Sauvignon Blanc<\/li>\n<li><strong>Fecha de Cosecha:\u00a0<\/strong>8 de marzo al 16 de abril, 2012<\/li>\n<li><strong>Alcohol:\u00a0<\/strong>13,7%<\/li>\n<\/ul>\n<\/div>[vc_message message_box_color=\u00bbwarning\u00bb icon_type=\u00bbtypicons\u00bb icon_typicons=\u00bbtypcn typcn-wine\u00bb]<em><strong>Notas de Cata<br \/>\n<\/strong>Intensas notas a lim\u00f3n, pomelo y pasto. Sabores a durazco blanco. Una brillante y sabrosa acidez otorga una excelente extructura y largo final.<\/em>[\/vc_message][vc_row_inner][vc_column_inner width=\u00bb1\/2&#8243;][vc_column_text]<strong>Maridaje:<\/strong><br \/>\nCeviches, Mariscos, pescados y crust\u00e1ceos.[\/vc_column_text][\/vc_column_inner][vc_column_inner width=\u00bb1\/2&#8243;][vc_column_text css=\u00bb.vc_custom_1537554536823{margin-bottom: 10px !important;padding-top: 0px !important;}\u00bb]<strong>Descargar Informaci\u00f3n:<\/strong>[\/vc_column_text][vc_icon icon_fontawesome=\u00bbfa fa-file-pdf-o\u00bb color=\u00bbturquoise\u00bb background_style=\u00bbrounded-outline\u00bb background_color=\u00bbturquoise\u00bb size=\u00bbsm\u00bb css=\u00bb.vc_custom_1537806328401{padding-top: 0px !important;padding-bottom: 0px !important;}\u00bb link=\u00bburl:%2Fwp-content%2Fuploads%2F2018%2F09%2Fcasaviva_sauvignon_blanc_2012.pdf||target:%20_blank|\u00bb][\/vc_column_inner][\/vc_row_inner][\/vc_tta_section][\/vc_tta_accordion][\/vc_column][\/vc_row][vc_row full_width=\u00bbstretch_row\u00bb css=\u00bb.vc_custom_1537546927231{background-image: url(http:\/\/dcasavivawines.admsys.net\/wp-content\/uploads\/2018\/09\/host-an-event.jpg?id=1580) !important;background-position: center !important;background-repeat: no-repeat !important;background-size: cover !important;}\u00bb][vc_column width=\u00bb1\/2&#8243;][vc_cta h2=\u00bbVinos Casa Viva\u00bb shape=\u00bbsquare\u00bb style=\u00bbcustom\u00bb add_button=\u00bbbottom\u00bb btn_title=\u00bbEscr\u00edbenos\u00bb btn_style=\u00bbflat\u00bb btn_shape=\u00bbsquare\u00bb btn_color=\u00bbwhite\u00bb btn_align=\u00bbleft\u00bb custom_background=\u00bbrgba(255,255,255,0.3)\u00bb btn_link=\u00bburl:%2Fcontacto%2F|||\u00bb]<span style=\"color: #ffffff;\">Si quieres conocer todos nuestro vinos y disfrutar de nuestras variedades, te invitamos a que nos contactes o dejes tus comentarios. <\/span>[\/vc_cta][\/vc_column][vc_column width=\u00bb1\/2&#8243;][\/vc_column][\/vc_row][vc_row disable_element=\u00bbyes\u00bb][vc_column width=\u00bb1\/2&#8243;][vc_single_image image=\u00bb1586&#8243; img_size=\u00bbfull\u00bb alignment=\u00bbcenter\u00bb][\/vc_column][vc_column width=\u00bb1\/2&#8243;][vc_tta_accordion style=\u00bbmodern\u00bb shape=\u00bbsquare\u00bb color=\u00bbwhite\u00bb active_section=\u00bb1&#8243; no_fill=\u00bbtrue\u00bb][vc_tta_section title=\u00bb2012&#8243; tab_id=\u00bb1537548461167-982e5be2-c5a3d383-73c107fe-eecb\u00bb][vc_column_text]Toda la fruta fue obtenida en nuestro propio vi\u00f1edo, ubicado dentro de los tramos m\u00e1s fr\u00edos y del oeste del Valle de Casablanca.[\/vc_column_text]\n\t<div class=\"gg_list list_style_remove   \">\n<ul>\n<li>Cosecha<\/li>\n<li>List item 2<\/li>\n<li>List item 3<\/li>\n<li>List item 4<\/li>\n<\/ul>\n<\/div>[\/vc_tta_section][vc_tta_section title=\u00bb2014&#8243; tab_id=\u00bb1537548513661-9a238049-4567d383-73c107fe-eecb\u00bb][vc_column_text]Toda la fruta fue obtenida en nuestro propio vi\u00f1edo, ubicado dentro de los tramos m\u00e1s fr\u00edos y del oeste del Valle de Casablanca.[\/vc_column_text]\n\t<div class=\"gg_list list_style_remove   \">\n<ul>\n<li>Cosecha<\/li>\n<li>List item 2<\/li>\n<li>List item 3<\/li>\n<li>List item 4<\/li>\n<\/ul>\n<\/div>[\/vc_tta_section][\/vc_tta_accordion][\/vc_column][\/vc_row]<\/p>\n<\/div>","protected":false},"excerpt":{"rendered":"<p>[vc_row][vc_column width=\u00bb1\/4&#8243;][vc_single_image image=\u00bb1708&#8243; img_size=\u00bbfull\u00bb alignment=\u00bbcenter\u00bb][\/vc_column][vc_column width=\u00bb3\/4&#8243;][vc_tta_accordion style=\u00bbflat\u00bb shape=\u00bbsquare\u00bb color=\u00bbwhite\u00bb c_icon=\u00bbchevron\u00bb active_section=\u00bb3&#8243; no_fill=\u00bbtrue\u00bb][vc_tta_section title=\u00bb2010&#8243; tab_id=\u00bb1537548654804-d5bfb4ff-9e65d383-73c107fe-eecb\u00bb][vc_column_text]Toda la fruta se obtiene del propio vi\u00f1edo ubicado en lo m\u00e1s fresco del Valle de Casablanca. Una mezcla de 3 diferentes clones de Sauvignon Blanc (clon 107, clon 1, y clon 242). El rendimiento de esta cosecha fue de 8 toneladas<br class=\"read-more-spacer\"> <a class=\"more-link\" href=\"https:\/\/casavivawines.cl\/es\/sauvignon-blanc\/\">Read More<\/a><\/p>\n","protected":false},"author":1,"featured_media":0,"parent":0,"menu_order":0,"comment_status":"closed","ping_status":"closed","template":"","meta":{"_acf_changed":false,"footnotes":""},"class_list":["post-1701","page","type-page","status-publish","hentry"],"acf":[],"_links":{"self":[{"href":"https:\/\/casavivawines.cl\/es\/wp-json\/wp\/v2\/pages\/1701","targetHints":{"allow":["GET"]}}],"collection":[{"href":"https:\/\/casavivawines.cl\/es\/wp-json\/wp\/v2\/pages"}],"about":[{"href":"https:\/\/casavivawines.cl\/es\/wp-json\/wp\/v2\/types\/page"}],"author":[{"embeddable":true,"href":"https:\/\/casavivawines.cl\/es\/wp-json\/wp\/v2\/users\/1"}],"replies":[{"embeddable":true,"href":"https:\/\/casavivawines.cl\/es\/wp-json\/wp\/v2\/comments?post=1701"}],"version-history":[{"count":1,"href":"https:\/\/casavivawines.cl\/es\/wp-json\/wp\/v2\/pages\/1701\/revisions"}],"predecessor-version":[{"id":1710,"href":"https:\/\/casavivawines.cl\/es\/wp-json\/wp\/v2\/pages\/1701\/revisions\/1710"}],"wp:attachment":[{"href":"https:\/\/casavivawines.cl\/es\/wp-json\/wp\/v2\/media?parent=1701"}],"curies":[{"name":"wp","href":"https:\/\/api.w.org\/{rel}","templated":true}]}}