{"id":1650,"date":"2018-09-24T15:24:24","date_gmt":"2018-09-24T15:24:24","guid":{"rendered":"http:\/\/dcasavivawines.admsys.net\/?page_id=1650"},"modified":"2018-09-24T15:27:56","modified_gmt":"2018-09-24T15:27:56","slug":"chardonnay-reserva","status":"publish","type":"page","link":"https:\/\/casavivawines.cl\/es\/casa-viva-reserva\/chardonnay-reserva\/","title":{"rendered":"Chardonnay Reserva"},"content":{"rendered":"<div class=\"wpb-content-wrapper\"><p>[vc_row][vc_column width=\u00bb1\/4&#8243;][vc_single_image image=\u00bb1654&#8243; img_size=\u00bbfull\u00bb alignment=\u00bbcenter\u00bb][\/vc_column][vc_column width=\u00bb3\/4&#8243;][vc_tta_accordion style=\u00bbflat\u00bb shape=\u00bbsquare\u00bb color=\u00bbwhite\u00bb c_icon=\u00bbchevron\u00bb active_section=\u00bb3&#8243; no_fill=\u00bbtrue\u00bb][vc_tta_section title=\u00bb2010&#8243; tab_id=\u00bb1537548654804-d5bfb4ff-9e65d383-73c19c0c-6909&#8243;][vc_column_text]100% Chardonnay del Valle de Casablanca cultivadas a un promedio de 6 toneladas por hect\u00e1rea (2,4 toneladas por acre). Composici\u00f3n de la mezcla: 35% clon 76 y 65% clon Mendoza.[\/vc_column_text]\n\t<div class=\"gg_list list_style_caret   \">\n<ul>\n<li>Cosecha: 2010<\/li>\n<li>Valle: Valle de Casablanca, Chile<\/li>\n<li>Composici\u00f3n Varietal: 100% Chardonnay<\/li>\n<li>Fecha de Cosecha: 26 de abril al 5 de mayo, 2010.<\/li>\n<li>Alcohol: 14,8%<\/li>\n<li>Barrica: 10 meses en barricas de roble franc\u00e9s<\/li>\n<\/ul>\n<\/div>[vc_message message_box_color=\u00bbwarning\u00bb icon_type=\u00bbtypicons\u00bb icon_typicons=\u00bbtypcn typcn-wine\u00bb]<em><strong>Notas de Cata<br \/>\n<\/strong>Color pajizo claro, en la nariz dominan los aromas a almendra, pera madura y membrillo. En boca, un trasfondo c\u00edtrico adquiere cuerpo con abundantes notas minerales, terminando con un muy sutil toque de humo y madera.<\/em>[\/vc_message][vc_row_inner][vc_column_inner width=\u00bb1\/2&#8243;][vc_column_text]<strong>Maridaje:<\/strong><br \/>\nLos mariscos, con cuerpo de pescado, ensaladas y quesos frescos.[\/vc_column_text][\/vc_column_inner][vc_column_inner width=\u00bb1\/2&#8243;][vc_column_text css=\u00bb.vc_custom_1537554536823{margin-bottom: 10px !important;padding-top: 0px !important;}\u00bb]<strong>Descargar Informaci\u00f3n:<\/strong>[\/vc_column_text][vc_icon icon_fontawesome=\u00bbfa fa-file-pdf-o\u00bb color=\u00bbturquoise\u00bb background_style=\u00bbrounded-outline\u00bb background_color=\u00bbturquoise\u00bb size=\u00bbsm\u00bb css=\u00bb.vc_custom_1537802441378{padding-top: 0px !important;padding-bottom: 0px !important;}\u00bb link=\u00bburl:%2Fwp-content%2Fuploads%2F2018%2F09%2Fcasaviva_chardonnay_reserva.pdf||target:%20_blank|\u00bb][\/vc_column_inner][\/vc_row_inner][\/vc_tta_section][vc_tta_section title=\u00bb2011&#8243; tab_id=\u00bb1537802283544-e3b98cce-c91f\u00bb][vc_column_text]Toda la fruta de este vino se obtiene de nuestros propios vi\u00f1edos ubicados en la zona m\u00e1s fr\u00eda del Valle de Casablanca. Proviene de bloques plantados en arcilla gris con una edad promedio de 15 a 19 a\u00f1os y con un rendimiento de 6 toneladas por hect\u00e1rea (2.4 t\/acre)[\/vc_column_text]\n\t<div class=\"gg_list list_style_caret   \">\n<ul>\n<li>Cosecha: 2011<\/li>\n<li>Valle: Valle de Casablanca, Chile<\/li>\n<li>Composici\u00f3n Varietal: 100% Chardonnay<\/li>\n<li>Fecha de Cosecha: 30 de abril al 5 de mayo, 2011.<\/li>\n<li>Alcohol: 14,6%<\/li>\n<\/ul>\n<\/div>[vc_message message_box_color=\u00bbwarning\u00bb icon_type=\u00bbtypicons\u00bb icon_typicons=\u00bbtypcn typcn-wine\u00bb]<em><strong>Notas de Cata<br \/>\n<\/strong>Color pajizo claro. En nariz dominan aromas a nuez, pera madura y granada.En boca notas a c\u00edtricos adquiere cuerpo con abundantes notas minerales, terminando con un sutil toque a humo y a madera.<\/em>[\/vc_message][vc_row_inner][vc_column_inner width=\u00bb1\/2&#8243;][vc_column_text]<strong>Maridaje:<\/strong><br \/>\nMariscos, pescados grasos, ensaladas y quesos.[\/vc_column_text][\/vc_column_inner][vc_column_inner width=\u00bb1\/2&#8243;][vc_column_text css=\u00bb.vc_custom_1537554536823{margin-bottom: 10px !important;padding-top: 0px !important;}\u00bb]<strong>Descargar Informaci\u00f3n:<\/strong>[\/vc_column_text][vc_icon icon_fontawesome=\u00bbfa fa-file-pdf-o\u00bb color=\u00bbturquoise\u00bb background_style=\u00bbrounded-outline\u00bb background_color=\u00bbturquoise\u00bb size=\u00bbsm\u00bb css=\u00bb.vc_custom_1537802653757{padding-top: 0px !important;padding-bottom: 0px !important;}\u00bb link=\u00bburl:%2Fwp-content%2Fuploads%2F2018%2F09%2Fcasaviva_chardonnay_reserva_2011.pdf||target:%20_blank|\u00bb][\/vc_column_inner][\/vc_row_inner][\/vc_tta_section][vc_tta_section title=\u00bb2012&#8243; tab_id=\u00bb1537801590666-5d6fc121-559a9c0c-6909&#8243;][vc_column_text]Toda la fruta de este vino se obtiene en el Valle de Casablanca en la zona m\u00e1s fr\u00eda de nuestro vi\u00f1edo. Rendimiento de 6 toneladas por hect\u00e1rea.[\/vc_column_text]\n\t<div class=\"gg_list list_style_caret   \">\n<ul>\n<li>Cosecha: 2012<\/li>\n<li>Valle: Valle de Casablanca, Chile<\/li>\n<li>Composici\u00f3n Varietal: 100% Chardonnay<\/li>\n<li>Fecha de Cosecha: 20 al 30 de abril, 2012<\/li>\n<li>Alcohol: 14,6%<\/li>\n<\/ul>\n<\/div>[vc_message message_box_color=\u00bbwarning\u00bb icon_type=\u00bbtypicons\u00bb icon_typicons=\u00bbtypcn typcn-wine\u00bb]<em><strong>Notas de Cata<br \/>\n<\/strong>Color pajizo. En nariz dominan aromas a nuez y pera madura. En boca abundantes notas minerales, terminando con un sutil toque a humo y a madera.<\/em>[\/vc_message][vc_row_inner][vc_column_inner width=\u00bb1\/2&#8243;][vc_column_text]<strong>Maridaje:<\/strong><br \/>\nMariscos, pescados grasos, ensaladas y quesos.[\/vc_column_text][\/vc_column_inner][vc_column_inner width=\u00bb1\/2&#8243;][vc_column_text css=\u00bb.vc_custom_1537554536823{margin-bottom: 10px !important;padding-top: 0px !important;}\u00bb]<strong>Descargar Informaci\u00f3n:<\/strong>[\/vc_column_text][vc_icon icon_fontawesome=\u00bbfa fa-file-pdf-o\u00bb color=\u00bbturquoise\u00bb background_style=\u00bbrounded-outline\u00bb background_color=\u00bbturquoise\u00bb size=\u00bbsm\u00bb css=\u00bb.vc_custom_1537802854225{padding-top: 0px !important;padding-bottom: 0px !important;}\u00bb link=\u00bburl:%2Fwp-content%2Fuploads%2F2018%2F09%2Fcasaviva_chardonnay_reserva_2012.pdf||target:%20_blank|\u00bb][\/vc_column_inner][\/vc_row_inner][\/vc_tta_section][\/vc_tta_accordion][\/vc_column][\/vc_row][vc_row full_width=\u00bbstretch_row\u00bb css=\u00bb.vc_custom_1537546927231{background-image: url(http:\/\/dcasavivawines.admsys.net\/wp-content\/uploads\/2018\/09\/host-an-event.jpg?id=1580) !important;background-position: center !important;background-repeat: no-repeat !important;background-size: cover !important;}\u00bb][vc_column width=\u00bb1\/2&#8243;][vc_cta h2=\u00bbVinos Casa Viva\u00bb shape=\u00bbsquare\u00bb style=\u00bbcustom\u00bb add_button=\u00bbbottom\u00bb btn_title=\u00bbEscr\u00edbenos\u00bb btn_style=\u00bbflat\u00bb btn_shape=\u00bbsquare\u00bb btn_color=\u00bbwhite\u00bb btn_align=\u00bbleft\u00bb custom_background=\u00bbrgba(255,255,255,0.3)\u00bb btn_link=\u00bburl:%2Fcontacto%2F|||\u00bb]<span style=\"color: #ffffff;\">Si quieres conocer todos nuestro vinos y disfrutar de nuestras variedades, te invitamos a que nos contactes o dejes tus comentarios. <\/span>[\/vc_cta][\/vc_column][vc_column width=\u00bb1\/2&#8243;][\/vc_column][\/vc_row][vc_row disable_element=\u00bbyes\u00bb][vc_column width=\u00bb1\/2&#8243;][vc_single_image image=\u00bb1586&#8243; img_size=\u00bbfull\u00bb alignment=\u00bbcenter\u00bb][\/vc_column][vc_column width=\u00bb1\/2&#8243;][vc_tta_accordion style=\u00bbmodern\u00bb shape=\u00bbsquare\u00bb color=\u00bbwhite\u00bb active_section=\u00bb1&#8243; no_fill=\u00bbtrue\u00bb][vc_tta_section title=\u00bb2012&#8243; tab_id=\u00bb1537548461167-982e5be2-c5a3d383-73c19c0c-6909&#8243;][vc_column_text]Toda la fruta fue obtenida en nuestro propio vi\u00f1edo, ubicado dentro de los tramos m\u00e1s fr\u00edos y del oeste del Valle de Casablanca.[\/vc_column_text]\n\t<div class=\"gg_list list_style_remove   \">\n<ul>\n<li>Cosecha<\/li>\n<li>List item 2<\/li>\n<li>List item 3<\/li>\n<li>List item 4<\/li>\n<\/ul>\n<\/div>[\/vc_tta_section][vc_tta_section title=\u00bb2014&#8243; tab_id=\u00bb1537548513661-9a238049-4567d383-73c19c0c-6909&#8243;][vc_column_text]Toda la fruta fue obtenida en nuestro propio vi\u00f1edo, ubicado dentro de los tramos m\u00e1s fr\u00edos y del oeste del Valle de Casablanca.[\/vc_column_text]\n\t<div class=\"gg_list list_style_remove   \">\n<ul>\n<li>Cosecha<\/li>\n<li>List item 2<\/li>\n<li>List item 3<\/li>\n<li>List item 4<\/li>\n<\/ul>\n<\/div>[\/vc_tta_section][\/vc_tta_accordion][\/vc_column][\/vc_row]<\/p>\n<\/div>","protected":false},"excerpt":{"rendered":"<p>[vc_row][vc_column width=\u00bb1\/4&#8243;][vc_single_image image=\u00bb1654&#8243; img_size=\u00bbfull\u00bb alignment=\u00bbcenter\u00bb][\/vc_column][vc_column width=\u00bb3\/4&#8243;][vc_tta_accordion style=\u00bbflat\u00bb shape=\u00bbsquare\u00bb color=\u00bbwhite\u00bb c_icon=\u00bbchevron\u00bb active_section=\u00bb3&#8243; no_fill=\u00bbtrue\u00bb][vc_tta_section title=\u00bb2010&#8243; tab_id=\u00bb1537548654804-d5bfb4ff-9e65d383-73c19c0c-6909&#8243;][vc_column_text]100% Chardonnay del Valle de Casablanca cultivadas a un promedio de 6 toneladas por hect\u00e1rea (2,4 toneladas por acre). Composici\u00f3n de la mezcla: 35% clon 76 y 65% clon Mendoza.[\/vc_column_text][vc_message message_box_color=\u00bbwarning\u00bb icon_type=\u00bbtypicons\u00bb icon_typicons=\u00bbtypcn typcn-wine\u00bb]Notas de Cata Color pajizo claro, en la nariz<br class=\"read-more-spacer\"> <a class=\"more-link\" href=\"https:\/\/casavivawines.cl\/es\/casa-viva-reserva\/chardonnay-reserva\/\">Read More<\/a><\/p>\n","protected":false},"author":1,"featured_media":0,"parent":1533,"menu_order":0,"comment_status":"closed","ping_status":"closed","template":"","meta":{"_acf_changed":false,"footnotes":""},"class_list":["post-1650","page","type-page","status-publish","hentry"],"acf":[],"_links":{"self":[{"href":"https:\/\/casavivawines.cl\/es\/wp-json\/wp\/v2\/pages\/1650","targetHints":{"allow":["GET"]}}],"collection":[{"href":"https:\/\/casavivawines.cl\/es\/wp-json\/wp\/v2\/pages"}],"about":[{"href":"https:\/\/casavivawines.cl\/es\/wp-json\/wp\/v2\/types\/page"}],"author":[{"embeddable":true,"href":"https:\/\/casavivawines.cl\/es\/wp-json\/wp\/v2\/users\/1"}],"replies":[{"embeddable":true,"href":"https:\/\/casavivawines.cl\/es\/wp-json\/wp\/v2\/comments?post=1650"}],"version-history":[{"count":4,"href":"https:\/\/casavivawines.cl\/es\/wp-json\/wp\/v2\/pages\/1650\/revisions"}],"predecessor-version":[{"id":1662,"href":"https:\/\/casavivawines.cl\/es\/wp-json\/wp\/v2\/pages\/1650\/revisions\/1662"}],"up":[{"embeddable":true,"href":"https:\/\/casavivawines.cl\/es\/wp-json\/wp\/v2\/pages\/1533"}],"wp:attachment":[{"href":"https:\/\/casavivawines.cl\/es\/wp-json\/wp\/v2\/media?parent=1650"}],"curies":[{"name":"wp","href":"https:\/\/api.w.org\/{rel}","templated":true}]}}