{"id":1622,"date":"2018-09-21T19:00:21","date_gmt":"2018-09-21T19:00:21","guid":{"rendered":"http:\/\/dcasavivawines.admsys.net\/?page_id=1622"},"modified":"2018-09-24T14:45:45","modified_gmt":"2018-09-24T14:45:45","slug":"syrah-gran-reserva","status":"publish","type":"page","link":"https:\/\/casavivawines.cl\/es\/casa-viva-gran-reserva\/syrah-gran-reserva\/","title":{"rendered":"Syrah Gran Reserva"},"content":{"rendered":"<div class=\"wpb-content-wrapper\"><p>[vc_row][vc_column width=\u00bb1\/4&#8243;][vc_single_image image=\u00bb1629&#8243; img_size=\u00bbfull\u00bb alignment=\u00bbcenter\u00bb][\/vc_column][vc_column width=\u00bb3\/4&#8243;][vc_tta_accordion style=\u00bbflat\u00bb shape=\u00bbsquare\u00bb color=\u00bbwhite\u00bb c_icon=\u00bbchevron\u00bb active_section=\u00bb1&#8243; no_fill=\u00bbtrue\u00bb][vc_tta_section title=\u00bb2011&#8243; tab_id=\u00bb1537548654804-d5bfb4ff-9e6560b5-32e0&#8243;][vc_column_text]Toda la fruta proviene de nuestro propio vi\u00f1edo, ubicado dentro de los tramos m\u00e1s fr\u00edos y occidentales del valle de Casablanca. Una mezcla de dos clones distintos de Syrah (51% de selecci\u00f3n de campo \u201cCaperana\u201d y 49% clon 300) de vides de 7 a\u00f1os. Procedentes de bloques en laderas plantadas en arcilla roja mezclada con granito descompuesto. Los bloques utilizados en esta mezcla fueron cosechados en un promedio de 5,5 toneladas por hect\u00e1rea.[\/vc_column_text]\n\t<div class=\"gg_list list_style_caret   \">\n<ul>\n<li>Cosecha: 2011<\/li>\n<li>Valle: Valle de Casablanca, Chile<\/li>\n<li>Composici\u00f3n Varietal: 100% Syrah<\/li>\n<li>Fecha de Cosecha: 6 al 17 de mayo, 2011<\/li>\n<li>Alcohol: 13,9%<\/li>\n<\/ul>\n<\/div>[\/vc_tta_section][\/vc_tta_accordion][vc_message message_box_color=\u00bbwarning\u00bb icon_type=\u00bbtypicons\u00bb icon_typicons=\u00bbtypcn typcn-wine\u00bb]<em><strong>Notas de Cata<br \/>\n<\/strong>P\u00farpura brillante en color. En la nariz, predominan elevadas notas florales de lavanda y violetas junto con un toque de pimienta blanca. En la boca, cerezas rojas, cedro y un toque de clavos de olor combinados con una acidez fresca y n\u00edtidos taninos que conducen a un largo y vibrante final.<\/em>[\/vc_message][vc_row_inner][vc_column_inner width=\u00bb1\/2&#8243;][vc_column_text]<strong>Maridaje:<\/strong><br \/>\nQuesos ahumados, cordero, carnes de cerdo y en general todo tipo de carnes.[\/vc_column_text][\/vc_column_inner][vc_column_inner width=\u00bb1\/2&#8243;][vc_column_text css=\u00bb.vc_custom_1537554536823{margin-bottom: 10px !important;padding-top: 0px !important;}\u00bb]<strong>Descargar Informaci\u00f3n:<\/strong>[\/vc_column_text][vc_icon icon_fontawesome=\u00bbfa fa-file-pdf-o\u00bb color=\u00bbturquoise\u00bb background_style=\u00bbrounded-outline\u00bb background_color=\u00bbturquoise\u00bb size=\u00bbsm\u00bb css=\u00bb.vc_custom_1537800184843{padding-top: 0px !important;padding-bottom: 0px !important;}\u00bb link=\u00bburl:%2Fwp-content%2Fuploads%2F2018%2F09%2Fcasaviva_syrah_gran_reserva1.pdf||target:%20_blank|\u00bb][\/vc_column_inner][\/vc_row_inner][\/vc_column][\/vc_row][vc_row full_width=\u00bbstretch_row\u00bb css=\u00bb.vc_custom_1537546927231{background-image: url(http:\/\/dcasavivawines.admsys.net\/wp-content\/uploads\/2018\/09\/host-an-event.jpg?id=1580) !important;background-position: center !important;background-repeat: no-repeat !important;background-size: cover !important;}\u00bb][vc_column width=\u00bb1\/2&#8243;][vc_cta h2=\u00bbVinos Casa Viva\u00bb shape=\u00bbsquare\u00bb style=\u00bbcustom\u00bb add_button=\u00bbbottom\u00bb btn_title=\u00bbEscr\u00edbenos\u00bb btn_style=\u00bbflat\u00bb btn_shape=\u00bbsquare\u00bb btn_color=\u00bbwhite\u00bb btn_align=\u00bbleft\u00bb custom_background=\u00bbrgba(255,255,255,0.3)\u00bb btn_link=\u00bburl:%2Fcontacto%2F|||\u00bb]<span style=\"color: #ffffff;\">Si quieres conocer todos nuestro vinos y disfrutar de nuestras variedades, te invitamos a que nos contactes o dejes tus comentarios. <\/span>[\/vc_cta][\/vc_column][vc_column width=\u00bb1\/2&#8243;][\/vc_column][\/vc_row][vc_row disable_element=\u00bbyes\u00bb][vc_column width=\u00bb1\/2&#8243;][vc_single_image image=\u00bb1586&#8243; img_size=\u00bbfull\u00bb alignment=\u00bbcenter\u00bb][\/vc_column][vc_column width=\u00bb1\/2&#8243;][vc_tta_accordion style=\u00bbmodern\u00bb shape=\u00bbsquare\u00bb color=\u00bbwhite\u00bb active_section=\u00bb1&#8243; no_fill=\u00bbtrue\u00bb][vc_tta_section title=\u00bb2012&#8243; tab_id=\u00bb1537548461167-982e5be2-c5a360b5-32e0&#8243;][vc_column_text]Toda la fruta fue obtenida en nuestro propio vi\u00f1edo, ubicado dentro de los tramos m\u00e1s fr\u00edos y del oeste del Valle de Casablanca.[\/vc_column_text]\n\t<div class=\"gg_list list_style_remove   \">\n<ul>\n<li>Cosecha<\/li>\n<li>List item 2<\/li>\n<li>List item 3<\/li>\n<li>List item 4<\/li>\n<\/ul>\n<\/div>[\/vc_tta_section][vc_tta_section title=\u00bb2014&#8243; tab_id=\u00bb1537548513661-9a238049-456760b5-32e0&#8243;][vc_column_text]Toda la fruta fue obtenida en nuestro propio vi\u00f1edo, ubicado dentro de los tramos m\u00e1s fr\u00edos y del oeste del Valle de Casablanca.[\/vc_column_text]\n\t<div class=\"gg_list list_style_remove   \">\n<ul>\n<li>Cosecha<\/li>\n<li>List item 2<\/li>\n<li>List item 3<\/li>\n<li>List item 4<\/li>\n<\/ul>\n<\/div>[\/vc_tta_section][\/vc_tta_accordion][\/vc_column][\/vc_row]<\/p>\n<\/div>","protected":false},"excerpt":{"rendered":"<p>[vc_row][vc_column width=\u00bb1\/4&#8243;][vc_single_image image=\u00bb1629&#8243; img_size=\u00bbfull\u00bb alignment=\u00bbcenter\u00bb][\/vc_column][vc_column width=\u00bb3\/4&#8243;][vc_tta_accordion style=\u00bbflat\u00bb shape=\u00bbsquare\u00bb color=\u00bbwhite\u00bb c_icon=\u00bbchevron\u00bb active_section=\u00bb1&#8243; no_fill=\u00bbtrue\u00bb][vc_tta_section title=\u00bb2011&#8243; tab_id=\u00bb1537548654804-d5bfb4ff-9e6560b5-32e0&#8243;][vc_column_text]Toda la fruta proviene de nuestro propio vi\u00f1edo, ubicado dentro de los tramos m\u00e1s fr\u00edos y occidentales del valle de Casablanca. Una mezcla de dos clones distintos de Syrah (51% de selecci\u00f3n de campo \u201cCaperana\u201d y 49% clon 300) de vides de<br class=\"read-more-spacer\"> <a class=\"more-link\" href=\"https:\/\/casavivawines.cl\/es\/casa-viva-gran-reserva\/syrah-gran-reserva\/\">Read More<\/a><\/p>\n","protected":false},"author":1,"featured_media":0,"parent":1495,"menu_order":0,"comment_status":"closed","ping_status":"closed","template":"","meta":{"_acf_changed":false,"footnotes":""},"class_list":["post-1622","page","type-page","status-publish","hentry"],"acf":[],"_links":{"self":[{"href":"https:\/\/casavivawines.cl\/es\/wp-json\/wp\/v2\/pages\/1622","targetHints":{"allow":["GET"]}}],"collection":[{"href":"https:\/\/casavivawines.cl\/es\/wp-json\/wp\/v2\/pages"}],"about":[{"href":"https:\/\/casavivawines.cl\/es\/wp-json\/wp\/v2\/types\/page"}],"author":[{"embeddable":true,"href":"https:\/\/casavivawines.cl\/es\/wp-json\/wp\/v2\/users\/1"}],"replies":[{"embeddable":true,"href":"https:\/\/casavivawines.cl\/es\/wp-json\/wp\/v2\/comments?post=1622"}],"version-history":[{"count":5,"href":"https:\/\/casavivawines.cl\/es\/wp-json\/wp\/v2\/pages\/1622\/revisions"}],"predecessor-version":[{"id":1631,"href":"https:\/\/casavivawines.cl\/es\/wp-json\/wp\/v2\/pages\/1622\/revisions\/1631"}],"up":[{"embeddable":true,"href":"https:\/\/casavivawines.cl\/es\/wp-json\/wp\/v2\/pages\/1495"}],"wp:attachment":[{"href":"https:\/\/casavivawines.cl\/es\/wp-json\/wp\/v2\/media?parent=1622"}],"curies":[{"name":"wp","href":"https:\/\/api.w.org\/{rel}","templated":true}]}}